{"id":5492,"date":"2026-03-18T10:56:33","date_gmt":"2026-03-18T10:56:33","guid":{"rendered":"https:\/\/abiprint.ee\/ru\/?post_type=product&#038;p=5492"},"modified":"2026-04-02T10:58:49","modified_gmt":"2026-04-02T10:58:49","slug":"visiitkaardid","status":"publish","type":"product","link":"https:\/\/abiprint.ee\/fi\/product\/kayntikortit\/","title":{"rendered":"K\u00e4yntikortit"},"content":{"rendered":"","protected":false},"excerpt":{"rendered":"<p><span style=\"font-size: 12px;\">* Hinnat sis\u00e4lt\u00e4v\u00e4t arvolis\u00e4veron 24 %<\/span><\/p>\n","protected":false},"featured_media":4957,"template":"","meta":{"om_disable_all_campaigns":false,"_exactmetrics_skip_tracking":false,"_exactmetrics_sitenote_active":false,"_exactmetrics_sitenote_note":"","_exactmetrics_sitenote_category":0},"product_brand":[],"product_cat":[98],"product_tag":[],"class_list":{"0":"post-5492","1":"product","2":"type-product","3":"status-publish","4":"has-post-thumbnail","6":"product_cat-aritrukised","7":"tm-has-options","9":"first","10":"instock","11":"taxable","12":"shipping-taxable","13":"purchasable","14":"product-type-variable","15":"has-default-attributes"},"_links":{"self":[{"href":"https:\/\/abiprint.ee\/fi\/wp-json\/wp\/v2\/product\/5492","targetHints":{"allow":["GET"]}}],"collection":[{"href":"https:\/\/abiprint.ee\/fi\/wp-json\/wp\/v2\/product"}],"about":[{"href":"https:\/\/abiprint.ee\/fi\/wp-json\/wp\/v2\/types\/product"}],"wp:featuredmedia":[{"embeddable":true,"href":"https:\/\/abiprint.ee\/fi\/wp-json\/wp\/v2\/media\/4957"}],"wp:attachment":[{"href":"https:\/\/abiprint.ee\/fi\/wp-json\/wp\/v2\/media?parent=5492"}],"wp:term":[{"taxonomy":"product_brand","embeddable":true,"href":"https:\/\/abiprint.ee\/fi\/wp-json\/wp\/v2\/product_brand?post=5492"},{"taxonomy":"product_cat","embeddable":true,"href":"https:\/\/abiprint.ee\/fi\/wp-json\/wp\/v2\/product_cat?post=5492"},{"taxonomy":"product_tag","embeddable":true,"href":"https:\/\/abiprint.ee\/fi\/wp-json\/wp\/v2\/product_tag?post=5492"}],"curies":[{"name":"wp","href":"https:\/\/api.w.org\/{rel}","templated":true}]}}