{"id":3606,"date":"2020-02-20T13:35:48","date_gmt":"2020-02-20T13:35:48","guid":{"rendered":"https:\/\/abiprint.ee\/et\/?page_id=3606"},"modified":"2024-05-23T06:38:02","modified_gmt":"2024-05-23T06:38:02","slug":"tehnicheskie-trebovanija-dlja-podgotovki-fajlov-shirokoformatnoj-pechati-i-plotternoj-rezki","status":"publish","type":"page","link":"https:\/\/abiprint.ee\/fi\/tehnicheskie-trebovanija-dlja-podgotovki-fajlov-shirokoformatnoj-pechati-i-plotternoj-rezki\/","title":{"rendered":"\u0422\u0435\u0445\u043d\u0438\u0447\u0435\u0441\u043a\u0438\u0435 \u0442\u0440\u0435\u0431\u043e\u0432\u0430\u043d\u0438\u044f \u0434\u043b\u044f \u043f\u043e\u0434\u0433\u043e\u0442\u043e\u0432\u043a\u0438 \u0444\u0430\u0439\u043b\u043e\u0432 \u0448\u0438\u0440\u043e\u043a\u043e\u0444\u043e\u0440\u043c\u0430\u0442\u043d\u043e\u0439 \u043f\u0435\u0447\u0430\u0442\u0438 \u0438 \u043f\u043b\u043e\u0442\u0442\u0435\u0440\u043d\u043e\u0439 \u0440\u0435\u0437\u043a\u0438"},"content":{"rendered":"<p class=\"qtranxs-available-languages-message qtranxs-available-languages-message-fi\">T\u00e4m\u00e4 teksti on valitettavasti saatavilla vain kielill\u00e4: <a href=\"https:\/\/abiprint.ee\/et\/wp-json\/wp\/v2\/pages\/3606\" class=\"qtranxs-available-language-link qtranxs-available-language-link-et\" title=\"EST\">EST<\/a> ja <a href=\"https:\/\/abiprint.ee\/ru\/wp-json\/wp\/v2\/pages\/3606\" class=\"qtranxs-available-language-link qtranxs-available-language-link-ru\" title=\"RUS\">RUS<\/a>.<\/p>","protected":false},"excerpt":{"rendered":"<p>T\u00e4m\u00e4 teksti on valitettavasti saatavilla vain kielill\u00e4: EST ja RUS.<\/p>\n","protected":false},"author":1,"featured_media":0,"parent":0,"menu_order":0,"comment_status":"closed","ping_status":"closed","template":"","meta":{"om_disable_all_campaigns":false,"_exactmetrics_skip_tracking":false,"_exactmetrics_sitenote_active":false,"_exactmetrics_sitenote_note":"","_exactmetrics_sitenote_category":0,"footnotes":""},"class_list":["post-3606","page","type-page","status-publish","hentry"],"_links":{"self":[{"href":"https:\/\/abiprint.ee\/fi\/wp-json\/wp\/v2\/pages\/3606","targetHints":{"allow":["GET"]}}],"collection":[{"href":"https:\/\/abiprint.ee\/fi\/wp-json\/wp\/v2\/pages"}],"about":[{"href":"https:\/\/abiprint.ee\/fi\/wp-json\/wp\/v2\/types\/page"}],"author":[{"embeddable":true,"href":"https:\/\/abiprint.ee\/fi\/wp-json\/wp\/v2\/users\/1"}],"replies":[{"embeddable":true,"href":"https:\/\/abiprint.ee\/fi\/wp-json\/wp\/v2\/comments?post=3606"}],"version-history":[{"count":0,"href":"https:\/\/abiprint.ee\/fi\/wp-json\/wp\/v2\/pages\/3606\/revisions"}],"wp:attachment":[{"href":"https:\/\/abiprint.ee\/fi\/wp-json\/wp\/v2\/media?parent=3606"}],"curies":[{"name":"wp","href":"https:\/\/api.w.org\/{rel}","templated":true}]}}