{"id":5473,"date":"2026-03-16T13:38:47","date_gmt":"2026-03-16T13:38:47","guid":{"rendered":"https:\/\/abiprint.ee\/ru\/?post_type=product&#038;p=5473"},"modified":"2026-03-26T16:03:22","modified_gmt":"2026-03-26T16:03:22","slug":"oppematerjalid-lastele","status":"publish","type":"product","link":"https:\/\/abiprint.ee\/et\/product\/oppematerjalid-lastele\/","title":{"rendered":"\u00d5ppematerjalid lastele"},"content":{"rendered":"<p>Oleme spetsialiseerunud hariduslike materjalide ja \u00f5ppevahendite tr\u00fckkimisele erivajadustega lastele. Aitame koostada \u00f5ppematerjale koolieelikutele ning noorema kooliastme lastele.<\/p>","protected":false},"excerpt":{"rendered":"<p>Oleme spetsialiseerunud hariduslike materjalide ja \u00f5ppevahendite tr\u00fckkimisele erivajadustega lastele. Aitame koostada \u00f5ppematerjale koolieelikutele ning noorema kooliastme lastele.<\/p>\n","protected":false},"featured_media":3028,"template":"","meta":{"om_disable_all_campaigns":false,"_exactmetrics_skip_tracking":false,"_exactmetrics_sitenote_active":false,"_exactmetrics_sitenote_note":"","_exactmetrics_sitenote_category":0},"product_brand":[],"product_cat":[92],"product_tag":[],"class_list":{"0":"post-5473","1":"product","2":"type-product","3":"status-publish","4":"has-post-thumbnail","6":"product_cat-spiraalkoltega-raamat","7":"tm-has-options","9":"first","10":"instock","11":"taxable","12":"shipping-taxable","13":"purchasable","14":"product-type-variable","15":"has-default-attributes"},"_links":{"self":[{"href":"https:\/\/abiprint.ee\/et\/wp-json\/wp\/v2\/product\/5473","targetHints":{"allow":["GET"]}}],"collection":[{"href":"https:\/\/abiprint.ee\/et\/wp-json\/wp\/v2\/product"}],"about":[{"href":"https:\/\/abiprint.ee\/et\/wp-json\/wp\/v2\/types\/product"}],"wp:featuredmedia":[{"embeddable":true,"href":"https:\/\/abiprint.ee\/et\/wp-json\/wp\/v2\/media\/3028"}],"wp:attachment":[{"href":"https:\/\/abiprint.ee\/et\/wp-json\/wp\/v2\/media?parent=5473"}],"wp:term":[{"taxonomy":"product_brand","embeddable":true,"href":"https:\/\/abiprint.ee\/et\/wp-json\/wp\/v2\/product_brand?post=5473"},{"taxonomy":"product_cat","embeddable":true,"href":"https:\/\/abiprint.ee\/et\/wp-json\/wp\/v2\/product_cat?post=5473"},{"taxonomy":"product_tag","embeddable":true,"href":"https:\/\/abiprint.ee\/et\/wp-json\/wp\/v2\/product_tag?post=5473"}],"curies":[{"name":"wp","href":"https:\/\/api.w.org\/{rel}","templated":true}]}}