{"id":4056,"date":"2023-06-05T11:19:37","date_gmt":"2023-06-05T11:19:37","guid":{"rendered":"https:\/\/abiprint.ee\/et\/?page_id=4056"},"modified":"2023-06-05T11:23:30","modified_gmt":"2023-06-05T11:23:30","slug":"aitah","status":"publish","type":"page","link":"https:\/\/abiprint.ee\/et\/thankyou\/","title":{"rendered":"\u00c4itah"},"content":{"rendered":"<div class=\"wpb-content-wrapper\"><p>[vc_row][vc_column][vc_column_text text_larger=&#8221;no&#8221;]<\/p>\n<h2><\/h2>\n<h2 style=\"text-align: center;\">Ait\u00e4h! V\u00f5tame teiega peagi \u00fchendust.<\/h2>\n<p>[\/vc_column_text][\/vc_column][\/vc_row]<\/p>\n<\/div>","protected":false},"excerpt":{"rendered":"<p>[vc_row][vc_column][vc_column_text text_larger=&#8221;no&#8221;] Ait\u00e4h! V\u00f5tame teiega peagi \u00fchendust. [\/vc_column_text][\/vc_column][\/vc_row]<\/p>\n","protected":false},"author":1,"featured_media":0,"parent":0,"menu_order":0,"comment_status":"closed","ping_status":"closed","template":"","meta":{"om_disable_all_campaigns":false,"_exactmetrics_skip_tracking":false,"_exactmetrics_sitenote_active":false,"_exactmetrics_sitenote_note":"","_exactmetrics_sitenote_category":0,"footnotes":""},"class_list":["post-4056","page","type-page","status-publish","hentry"],"_links":{"self":[{"href":"https:\/\/abiprint.ee\/et\/wp-json\/wp\/v2\/pages\/4056","targetHints":{"allow":["GET"]}}],"collection":[{"href":"https:\/\/abiprint.ee\/et\/wp-json\/wp\/v2\/pages"}],"about":[{"href":"https:\/\/abiprint.ee\/et\/wp-json\/wp\/v2\/types\/page"}],"author":[{"embeddable":true,"href":"https:\/\/abiprint.ee\/et\/wp-json\/wp\/v2\/users\/1"}],"replies":[{"embeddable":true,"href":"https:\/\/abiprint.ee\/et\/wp-json\/wp\/v2\/comments?post=4056"}],"version-history":[{"count":0,"href":"https:\/\/abiprint.ee\/et\/wp-json\/wp\/v2\/pages\/4056\/revisions"}],"wp:attachment":[{"href":"https:\/\/abiprint.ee\/et\/wp-json\/wp\/v2\/media?parent=4056"}],"curies":[{"name":"wp","href":"https:\/\/api.w.org\/{rel}","templated":true}]}}