{"id":3606,"date":"2020-02-20T13:35:48","date_gmt":"2020-02-20T13:35:48","guid":{"rendered":"https:\/\/abiprint.ee\/et\/?page_id=3606"},"modified":"2024-05-23T06:38:02","modified_gmt":"2024-05-23T06:38:02","slug":"tehnicheskie-trebovanija-dlja-podgotovki-fajlov-shirokoformatnoj-pechati-i-plotternoj-rezki","status":"publish","type":"page","link":"https:\/\/abiprint.ee\/et\/laiaformaadilise-truki-ja-plotterloikamise-failide-tehnilised-nouded\/","title":{"rendered":"Laiaformaadilise tr\u00fcki ja plotterl\u00f5ikamise failide tehnilised n\u00f5uded"},"content":{"rendered":"<p><\/p>\n<h1><span style=\"font-size: 16px;\"><strong><b>LAIAFORMAADILISE TR\u00dcKI JA PLOTTERL\u00d5IKAMISE\u00a0<\/b><\/strong><strong><b>FAILIDE TEHNILISED N\u00d5UDED<\/b><\/strong><\/span><\/h1>\n<p>Tr\u00fckkimiseks v\u00f5etakse vastu raster- ja vektorfailid v\u00e4rvusmudeliga CMYK:<\/p>\n<ol>\n<li>Vorming TIFF, salvestatud pakkimisprogrammiga LZW, ilma v\u00e4rvusprofiili ja alfakanaliteta.<br \/>\n2. Vorming Adobe Photoshop, ilma kihtideta, ilma v\u00e4rvusprofiili ja alfakanaliteta.<br \/>\n3. Vorming CorelDRAW (tekst teisendatud k\u00f5verateks).<br \/>\n4. Vorming EPS-vektor (ilma linkideta, tekst teisendatud k\u00f5verateks).<br \/>\n5. Vorming Adobe Illustrator (ilma linkideta, tekst teisendatud k\u00f5verateks).<\/li>\n<\/ol>\n<p>Rasterfailid ei tohi olla suuremad kui\u00a0450 MB. RGB-v\u00e4rvusmudeliga esitatud failid v\u00f5etakse tr\u00fckki kokkuleppe korral. K\u00f5ik suureformaadiliseks printimiseks etten\u00e4htud failid peavad sisaldama ainult \u00fcht kujutist ja tr\u00fckkimisel peavad olema t\u00e4psed m\u00f5\u00f5tmed ilma l\u00f5ikevaruta ja valgete veeristeta. Heleda veerisega kujutise servad peavad olema \u00fcmbritsetud musta raamiga paksusega 1 piksel.<\/p>\n<p><strong><b>Kujutiste resolutsioon:<\/b><\/strong><\/p>\n<p>Kujutised kunstiliseks tr\u00fckiks ja fotode tr\u00fckkimiseks \u2212 300 dpi.<\/p>\n<p>Muud kujutised:<br \/>\nKujutis m\u00f5\u00f5tmetega 100 kuni 200 cm \u2212 150 dpi<br \/>\nKujutis m\u00f5\u00f5tmetega 200 kuni 300 cm \u2212 100 dpi<br \/>\nKujutis m\u00f5\u00f5tmetega 300 kuni 400 cm \u2212 72 dpi<br \/>\nKujutis m\u00f5\u00f5tmetega 400 kuni 500 cm \u2212 50 dpi<br \/>\nKujutis m\u00f5\u00f5tmetega 500 kuni 1000 cm \u2212 30\/40 dpi v\u00f5i m\u00f5\u00f5tkavas 1:10<br \/>\nKujutised suurusega \u00fcle 1000 cm v\u00f5etakse vastu m\u00f5\u00f5tkavas 1:10, proportsionaalselt suurendatud lahutusv\u00f5imega (10 korda). Tekst peab kujutisel olema v\u00e4hemalt 25 punkti. Hall v\u00e4rvus peab olema liitv\u00e4rvus (n\u00e4iteks: 0,6,10,40). Must ja hall v\u00e4rvus peavad olema liitv\u00e4rvus; v\u00e4rvi \u00fcldine kogus ei tohi \u00fcletada 300%.<\/p>\n<p><strong><b><br \/>\n<\/b><\/strong><strong><b>Plotterl\u00f5ikamiseks etten\u00e4htud failidele esitatavad n\u00f5uded<\/b><\/strong><\/p>\n<p>Plotterl\u00f5ikamiseks v\u00f5etakse vastu ainult makette, mis on koostatud vektorprogrammiga CorelDRAW. Programmidega Adobe Illustrator v\u00f5i PDF koostatud makettide l\u00f5ikamise kohta tuleb eelnevalt kokku leppida. K\u00f5ik jooned peavad olema suletud, ilma gradientide ja efektideta, ilma ristumisjoonte ja keeruliste eba\u00fchtlaste nurkadeta; k\u00f5ik \u00fcleliigsed punktid tuleb eemaldada. M\u00e4rkide minimaalne k\u00f5rgus\/laius tohib maketil olla 10 mm. Joonte minimaalne vahekaugus on 2 mm. Makette v\u00f5etakse tr\u00fckiks koos hilisema l\u00f5ikamisega vastu vormingutes .eps, .cdr, .pdf. Fondid peavad olema teisendatud k\u00f5verateks. Fail peab sisaldama eraldi lehti, kus on toodud tr\u00fckikujutis (raster v\u00f5i vektor) ja vektortee (kontuur) kujutise j\u00e4rgi l\u00f5ikamiseks.<\/p>\n<p>&nbsp;<\/p>\n<p>&nbsp;<\/p>\n<p>&nbsp;<\/p>\n<p>&nbsp;<\/p>\n<p>&nbsp;<\/p>\n<p>&nbsp;<\/p>\n<p>&nbsp;<\/p>","protected":false},"excerpt":{"rendered":"<p>LAIAFORMAADILISE TR\u00dcKI JA PLOTTERL\u00d5IKAMISE\u00a0FAILIDE TEHNILISED N\u00d5UDED Tr\u00fckkimiseks v\u00f5etakse vastu raster- ja vektorfailid v\u00e4rvusmudeliga CMYK: Vorming TIFF, salvestatud pakkimisprogrammiga LZW, ilma<\/p>\n","protected":false},"author":1,"featured_media":0,"parent":0,"menu_order":0,"comment_status":"closed","ping_status":"closed","template":"","meta":{"om_disable_all_campaigns":false,"_exactmetrics_skip_tracking":false,"_exactmetrics_sitenote_active":false,"_exactmetrics_sitenote_note":"","_exactmetrics_sitenote_category":0,"footnotes":""},"class_list":["post-3606","page","type-page","status-publish","hentry"],"_links":{"self":[{"href":"https:\/\/abiprint.ee\/et\/wp-json\/wp\/v2\/pages\/3606","targetHints":{"allow":["GET"]}}],"collection":[{"href":"https:\/\/abiprint.ee\/et\/wp-json\/wp\/v2\/pages"}],"about":[{"href":"https:\/\/abiprint.ee\/et\/wp-json\/wp\/v2\/types\/page"}],"author":[{"embeddable":true,"href":"https:\/\/abiprint.ee\/et\/wp-json\/wp\/v2\/users\/1"}],"replies":[{"embeddable":true,"href":"https:\/\/abiprint.ee\/et\/wp-json\/wp\/v2\/comments?post=3606"}],"version-history":[{"count":0,"href":"https:\/\/abiprint.ee\/et\/wp-json\/wp\/v2\/pages\/3606\/revisions"}],"wp:attachment":[{"href":"https:\/\/abiprint.ee\/et\/wp-json\/wp\/v2\/media?parent=3606"}],"curies":[{"name":"wp","href":"https:\/\/api.w.org\/{rel}","templated":true}]}}