{"id":3168,"date":"2019-03-25T12:13:58","date_gmt":"2019-03-25T12:13:58","guid":{"rendered":"https:\/\/abiprint.ee\/ru\/?page_id=3168"},"modified":"2019-04-30T19:39:41","modified_gmt":"2019-04-30T19:39:41","slug":"kupsised","status":"publish","type":"page","link":"https:\/\/abiprint.ee\/et\/kupsised\/","title":{"rendered":"K\u00fcpsised"},"content":{"rendered":"<p><strong><b>K\u00dcPSISTE KASUTAMISE P\u00d5HIM\u00d5TTED ABIPRINT O\u00dc KODULEHEL<\/b><\/strong><\/p>\n<p>Kodulehe kasutamise lihtsustamiseks ja paremaks teenindamiseks kasutatakse\u00a0<a href=\"http:\/\/www.abiprint.ee\"><u>www.abiprint.ee<\/u><\/a>\u00a0kodulehel k\u00fcpsiseid. K\u00e4esolevas dokumendis on kajastatud k\u00fcpsiste kasutamise p\u00f5him\u00f5tted l\u00e4htuvalt EUROOPA PARLAMENDI JA N\u00d5UKOGU (E\u00dc) M\u00c4\u00c4RUSEST 2016\/679, mis reguleerib nende kasutamist Abiprint O\u00dc veebilehtedel.<\/p>\n<p><strong><b>Mis on k\u00fcpsised?<\/b><\/strong><\/p>\n<p><strong><b>K\u00fcpsis<\/b><\/strong>\u00a0(ingl k\u00a0<em><i>Cookie<\/i><\/em>)\u00a0on v\u00e4ike tekstifail, mis salvestub Teie arvutisse, tahvelarvutisse v\u00f5i muusse seadmesse meie kodulehe k\u00fclastamisel.<br \/>\nSellega \u201em\u00e4rgistab\u201c veebileht ajutiselt mugavamaks kasutamiseks Teie poolt sisestatud seadistused, nagu n\u00e4iteks vaatamise keel, kirjasuurus ja teised kasutaja eelistused, ning s\u00e4\u00e4stab Teid vajadusest neid veebilehe j\u00e4rgmisel k\u00fclastusel ja vaatamisel uuesti sisestada.<\/p>\n<p><strong><b>Milliseid k\u00fcpsiseid Abiprint O\u00dc kasutab ja mis eesm\u00e4rgil?\u00a0\u00a0<\/b><\/strong><\/p>\n<p>Abiprint O\u00dc veebilehek\u00fclgedel kasutatakse j\u00e4rgmisi k\u00fcpsiste liike:<\/p>\n<p><strong><b>P\u00fcsik\u00fcpsised<\/b><\/strong>\u00a0\u2212 v\u00f5ivad s\u00e4ilida pikema perioodi v\u00e4ltel, failid ei kustu brauseri sulgemisel ja salvestuvad Teie seadmesse.<\/p>\n<p><strong><b>Seansik\u00fcpsised<\/b><\/strong>\u00a0\u2212 eksisteerivad ainult seansi ajal, kuni kasutaja veebilehel viibib. Seansik\u00fcpsised eemaldatakse p\u00e4rast seda kui kasutaja on brauseriakna sulgenud.<\/p>\n<p><strong><b>Teenindava osapoole k\u00fcpsised<\/b><\/strong>\u00a0\u2212 salvestab vahetult\u00a0<a href=\"http:\/\/www.abiprint.ee\"><u>www.abiprint.ee<\/u><\/a>\u00a0veebileht ega salvesta tegevusi kolmandate osapoolte veebilehtedel.<\/p>\n<p><strong><b>Kolmandate osapoolte k\u00fcpsised<\/b><\/strong>\u00a0\u2013 n\u00e4iteks k\u00fclastamise statistikast \u00fclevaate saamiseks ja veebilehe funktsionaalsuse anal\u00fc\u00fcsimiseks kasutame kolmandate osapoolte saitide teenuseid, nagu Facebook, Google, kes kasutavad oma k\u00fcpsiseid. Nende teenusepakkujate poolt kasutatavatele k\u00fcpsistele meil ligip\u00e4\u00e4su ei ole ja neid me hallata ei saa. Kirjelduse nimetatud k\u00fcpsiste kasutamise kohta leiate teenusepakkujate privaatsuspoliitikas, millega soovitame Teil tutvuda, minnes kolmanda osapoole vastavale kodulehele.<\/p>\n<p><strong><b>K\u00fcpsiste liigitus:<\/b><\/strong><\/p>\n<p><strong><b>H\u00e4davajalikud k\u00fcpsised<\/b><\/strong><br \/>\nIlma h\u00e4davajalike k\u00fcpsisteta ei ole Abiprint O\u00dc veebilehe toimimine v\u00f5imalik. Lisaks v\u00f5imaldavad antud t\u00fc\u00fcpi k\u00fcpsised n\u00e4iteks salvestada valitud teenused isegi juhul kui kasutaja liigub saidi teistele lehek\u00fclgedele. H\u00e4davajalikud k\u00fcpsised v\u00f5ivad olla p\u00fcsi- v\u00f5i seansik\u00fcpsised, teenindava ja kolmanda osapoole k\u00fcpsised. Me ei kasuta antud t\u00fc\u00fcpi k\u00fcpsiseid veebilehe k\u00fclastajate kohta isikliku info kogumiseks, turunduseesm\u00e4rkidel ega Teile reklaami saatmiseks.<\/p>\n<p><strong><b>Anal\u00fc\u00fctilised k\u00fcpsised<\/b><\/strong><br \/>\nAntud t\u00fc\u00fcpi k\u00fcpsiseid nimetatakse ka ekspluatatsioonik\u00fcpsisteks, need v\u00f5imaldavad koguda statistikat lehek\u00fclgede k\u00fclastamise kohta ja infot veebilehe toimimise anal\u00fc\u00fcsimiseks. N\u00e4iteks on anal\u00fc\u00fctiliste k\u00fcpsiste kaudu v\u00f5imalik aru saada, milliseid lehek\u00fclgi k\u00f5ige enam k\u00fclastatakse ja millistel lehek\u00fclgedel tekib kasutajatel raskusi. Seda t\u00fc\u00fcpi k\u00fcpsiste abil saame hinnata ka reklaamikampaaniate t\u00f5husust. Anal\u00fc\u00fctilised k\u00fcpsised ei kogu veebilehe k\u00fclastajate kohta isiklikku infot ja samuti ei kasutata neid Teile reklaami saatmiseks. Meie saidil kasutatavad anal\u00fc\u00fctilised k\u00fcpsised v\u00f5ivad olla p\u00fcsivad v\u00f5i ajutised ning need on kolmandate osapoolte k\u00fcpsised.<\/p>\n<p><strong><b>Funktsionaalsed k\u00fcpsised<\/b><\/strong><br \/>\nFunktsionaalsed k\u00fcpsised v\u00f5imaldavad meelde j\u00e4tta kasutaja eelistusi Abipint O\u00dc saidil. N\u00e4iteks salvestab vaatamise keele v\u00f5i koha, kus kasutaja vaatamise l\u00f5petas, s\u00e4\u00e4stes sellega vajadusest andmeid korduvalt sisestada saidi lehek\u00fclgede j\u00e4rgmisel k\u00fclastamisel. Me ei kasuta antud t\u00fc\u00fcpi k\u00fcpsiseid turunduseesm\u00e4rkidel ega Teile reklaami saatmiseks. Meie saidil kasutatavad funktsionaalsed k\u00fcpsised v\u00f5ivad olla p\u00fcsivad v\u00f5i ajutised ning need on teenindava osapoole k\u00fcpsised.<\/p>\n<p><strong><b>K\u00fcpsiste seaded ja haldamine<\/b><\/strong><br \/>\nK\u00fcpsiste kasutamisest v\u00f5ite igal ajal loobuda, st saate ise muuta brauseri seadeid, blokeerida v\u00f5i eemaldada k\u00f5ik Teie seadmesse salvestatud k\u00fcpsised.<br \/>\nKui aga l\u00fclitada v\u00e4lja Abiprint O\u00dc saidil kasutatavad k\u00fcpsised, siis m\u00f5ningad funktsioonid lakkavad t\u00f6\u00f6tamast.<\/p>\n<p><strong><b>Lisainfo<\/b><\/strong><br \/>\nLisainfo saamiseks v\u00f5tke meiega \u00fchendust e-posti aadressil info@abiprint.ee<\/p>","protected":false},"excerpt":{"rendered":"<p>K\u00dcPSISTE KASUTAMISE P\u00d5HIM\u00d5TTED ABIPRINT O\u00dc KODULEHEL Kodulehe kasutamise lihtsustamiseks ja paremaks teenindamiseks kasutatakse\u00a0www.abiprint.ee\u00a0kodulehel k\u00fcpsiseid. K\u00e4esolevas dokumendis on kajastatud k\u00fcpsiste kasutamise<\/p>\n","protected":false},"author":1,"featured_media":0,"parent":0,"menu_order":0,"comment_status":"closed","ping_status":"closed","template":"","meta":{"om_disable_all_campaigns":false,"_exactmetrics_skip_tracking":false,"_exactmetrics_sitenote_active":false,"_exactmetrics_sitenote_note":"","_exactmetrics_sitenote_category":0,"footnotes":""},"class_list":["post-3168","page","type-page","status-publish","hentry"],"_links":{"self":[{"href":"https:\/\/abiprint.ee\/et\/wp-json\/wp\/v2\/pages\/3168","targetHints":{"allow":["GET"]}}],"collection":[{"href":"https:\/\/abiprint.ee\/et\/wp-json\/wp\/v2\/pages"}],"about":[{"href":"https:\/\/abiprint.ee\/et\/wp-json\/wp\/v2\/types\/page"}],"author":[{"embeddable":true,"href":"https:\/\/abiprint.ee\/et\/wp-json\/wp\/v2\/users\/1"}],"replies":[{"embeddable":true,"href":"https:\/\/abiprint.ee\/et\/wp-json\/wp\/v2\/comments?post=3168"}],"version-history":[{"count":0,"href":"https:\/\/abiprint.ee\/et\/wp-json\/wp\/v2\/pages\/3168\/revisions"}],"wp:attachment":[{"href":"https:\/\/abiprint.ee\/et\/wp-json\/wp\/v2\/media?parent=3168"}],"curies":[{"name":"wp","href":"https:\/\/api.w.org\/{rel}","templated":true}]}}